{"id":12262,"date":"2017-08-23T04:18:13","date_gmt":"2017-08-23T04:18:13","guid":{"rendered":"http:\/\/twinlakescamping.ca.mocha8000.mochahost.com\/wp\/?page_id=12262"},"modified":"2017-08-23T04:24:04","modified_gmt":"2017-08-23T04:24:04","slug":"reglement","status":"publish","type":"page","link":"https:\/\/twinlakescamping.ca\/?page_id=12262&lang=fr","title":{"rendered":"Reglement"},"content":{"rendered":"<div class=\"fusion-fullwidth fullwidth-box fusion-builder-row-1 nonhundred-percent-fullwidth non-hundred-percent-height-scrolling\" style=\"--awb-border-radius-top-left:0px;--awb-border-radius-top-right:0px;--awb-border-radius-bottom-right:0px;--awb-border-radius-bottom-left:0px;--awb-flex-wrap:wrap;\" ><div class=\"fusion-builder-row fusion-row\"><div class=\"fusion-layout-column fusion_builder_column fusion-builder-column-0 fusion_builder_column_1_1 1_1 fusion-one-full fusion-column-first fusion-column-last\" style=\"--awb-bg-size:cover;\"><div class=\"fusion-column-wrapper fusion-flex-column-wrapper-legacy\"><div class=\"fusion-title title fusion-title-1 fusion-title-text fusion-title-size-one\"><h1 class=\"fusion-title-heading title-heading-left fusion-responsive-typography-calculated\" style=\"margin:0;--fontSize:55;line-height:1.09;\"><h1>R\u00e8glements du parc<\/h1><\/h1><span class=\"awb-title-spacer\"><\/span><div class=\"title-sep-container\"><div class=\"title-sep sep-single sep-solid\" style=\"border-color:#e0dede;\"><\/div><\/div><\/div><div class=\"fusion-text fusion-text-1\"><p><span id=\"ContentPlaceHolder1_lblPageContent\">Les r\u00e8glements \u00e9tablis au terrain de camping Twin Lakes doivent \u00eatre respect\u00e9s. Toute personne ou tout groupe qui ne respecte pas les r\u00e8glements sera expuls\u00e9 parc.<\/span><\/p>\n<\/div><div class=\"fusion-tabs fusion-tabs-1 classic nav-is-justified horizontal-tabs icon-position-left mobile-mode-accordion\" style=\"--awb-title-border-radius-top-left:0px;--awb-title-border-radius-top-right:0px;--awb-title-border-radius-bottom-right:0px;--awb-title-border-radius-bottom-left:0px;--awb-inactive-color:#f0f0ed;--awb-background-color:rgba(255,255,255,.4);--awb-border-color:#c5c5d7;--awb-active-border-color:#00a38f;\"><div class=\"nav\"><ul class=\"nav-tabs nav-justified\" role=\"tablist\"><li class=\"active\" role=\"presentation\"><a class=\"tab-link\" data-toggle=\"tab\" role=\"tab\" aria-controls=\"tab-3a155151ceddfcd4d61\" aria-selected=\"true\" id=\"fusion-tab-\u00c0laplage\" href=\"#tab-3a155151ceddfcd4d61\"><h4 class=\"fusion-tab-heading\">\u00c0 la plage<\/h4><\/a><\/li><li role=\"presentation\"><a class=\"tab-link\" data-toggle=\"tab\" role=\"tab\" aria-controls=\"tab-89bfa3a1dd15f8ed1e0\" aria-selected=\"false\" tabindex=\"-1\" id=\"fusion-tab-auxglissadesd\u2019eau\" href=\"#tab-89bfa3a1dd15f8ed1e0\"><h4 class=\"fusion-tab-heading\">Aux glissades d\u2019eau<\/h4><\/a><\/li><li role=\"presentation\"><a class=\"tab-link\" data-toggle=\"tab\" role=\"tab\" aria-controls=\"tab-0aa63e094f5baf72595\" aria-selected=\"false\" tabindex=\"-1\" id=\"fusion-tab-auparc\" href=\"#tab-0aa63e094f5baf72595\"><h4 class=\"fusion-tab-heading\">Au parc<\/h4><\/a><\/li><li role=\"presentation\"><a class=\"tab-link\" data-toggle=\"tab\" role=\"tab\" aria-controls=\"tab-239d429c6a1bf137f6b\" aria-selected=\"false\" tabindex=\"-1\" id=\"fusion-tab-feuxdecamp\" href=\"#tab-239d429c6a1bf137f6b\"><h4 class=\"fusion-tab-heading\">Feux de camp<\/h4><\/a><\/li><li role=\"presentation\"><a class=\"tab-link\" data-toggle=\"tab\" role=\"tab\" aria-controls=\"tab-d9c32f4cc023670f680\" aria-selected=\"false\" tabindex=\"-1\" id=\"fusion-tab-d\u00e9chets\" href=\"#tab-d9c32f4cc023670f680\"><h4 class=\"fusion-tab-heading\">D\u00e9chets<\/h4><\/a><\/li><li role=\"presentation\"><a class=\"tab-link\" data-toggle=\"tab\" role=\"tab\" aria-controls=\"tab-79b39d82c607637c31f\" aria-selected=\"false\" tabindex=\"-1\" id=\"fusion-tab-visiteurs\" href=\"#tab-79b39d82c607637c31f\"><h4 class=\"fusion-tab-heading\">Visiteurs<\/h4><\/a><\/li><\/ul><\/div><div class=\"tab-content\"><div class=\"nav fusion-mobile-tab-nav\"><ul class=\"nav-tabs nav-justified\" role=\"tablist\"><li class=\"active\" role=\"presentation\"><a class=\"tab-link\" data-toggle=\"tab\" role=\"tab\" aria-controls=\"tab-3a155151ceddfcd4d61\" aria-selected=\"true\" id=\"mobile-fusion-tab-\u00c0laplage\" href=\"#tab-3a155151ceddfcd4d61\"><h4 class=\"fusion-tab-heading\">\u00c0 la plage<\/h4><\/a><\/li><\/ul><\/div><div class=\"tab-pane fade fusion-clearfix in active\" role=\"tabpanel\" tabindex=\"0\" aria-labelledby=\"fusion-tab-\u00c0laplage\" id=\"tab-3a155151ceddfcd4d61\">\n<ul>\n<li>Ne d\u00e9passez pas les\u00a0bou\u00e9es<\/li>\n<li>Baignade interdite apr\u00e8s 21 h<\/li>\n<li>Les enfants \u00e2g\u00e9s de moins de 13 ans doivent \u00eatre supervis\u00e9s par un adulte<\/li>\n<li>Les contenants de vitre sont STRICTEMENT interdits pr\u00e8s des plages<\/li>\n<li>Les chiens ne sont pas les bienvenues pr\u00e8s des plages ou des terrains de jeux<\/li>\n<li>AUCUNE SURVEILLANCE DE SAUVETEURS<\/li>\n<\/ul>\n<\/div><div class=\"nav fusion-mobile-tab-nav\"><ul class=\"nav-tabs nav-justified\" role=\"tablist\"><li role=\"presentation\"><a class=\"tab-link\" data-toggle=\"tab\" role=\"tab\" aria-controls=\"tab-89bfa3a1dd15f8ed1e0\" aria-selected=\"false\" tabindex=\"-1\" id=\"mobile-fusion-tab-auxglissadesd\u2019eau\" href=\"#tab-89bfa3a1dd15f8ed1e0\"><h4 class=\"fusion-tab-heading\">Aux glissades d\u2019eau<\/h4><\/a><\/li><\/ul><\/div><div class=\"tab-pane fade fusion-clearfix\" role=\"tabpanel\" tabindex=\"0\" aria-labelledby=\"fusion-tab-auxglissadesd\u2019eau\" id=\"tab-89bfa3a1dd15f8ed1e0\">\n<ul>\n<li>Retirez tous objets pointus avant de glisser y compris les montres, bijoux, lunettes ou tout type d\u2019objet pointu<\/li>\n<li>Glissez toujours les pieds premiers<\/li>\n<li>Tout usager de la glissade doit respecter la personne \u00e0 charge et attendre sont signal avant de glisser<\/li>\n<li>Le parc ne sera pas tenu responsable pour la perte d\u2019objets personnels ou pour un accident<\/li>\n<li>La grandeur minimale pour profiter de la grande glissade est de 51 pouces<\/li>\n<\/ul>\n<p>&nbsp;<\/p>\n<\/div><div class=\"nav fusion-mobile-tab-nav\"><ul class=\"nav-tabs nav-justified\" role=\"tablist\"><li role=\"presentation\"><a class=\"tab-link\" data-toggle=\"tab\" role=\"tab\" aria-controls=\"tab-0aa63e094f5baf72595\" aria-selected=\"false\" tabindex=\"-1\" id=\"mobile-fusion-tab-auparc\" href=\"#tab-0aa63e094f5baf72595\"><h4 class=\"fusion-tab-heading\">Au parc<\/h4><\/a><\/li><\/ul><\/div><div class=\"tab-pane fade fusion-clearfix\" role=\"tabpanel\" tabindex=\"0\" aria-labelledby=\"fusion-tab-auparc\" id=\"tab-0aa63e094f5baf72595\">\n<ul>\n<li>La limite de vitesse est de 15 km\/h et est strictement impos\u00e9e<\/li>\n<li>Les bicyclettes, patins \u00e0 roulettes et planches \u00e0 roulettes sont interdits sur la piste de marche autour du lac<\/li>\n<li>Les animaux doivent \u00eatre tenus en laisse et ne peuvent pas aller sur la piste de marche autour du lac; leurs excr\u00e9ments doivent \u00eatre ramass\u00e9s imm\u00e9diatement<\/li>\n<li>Les animaux ne peuvent pas aller dans l\u2019eau, \u00e0 la plage, ou m\u00eame dans les espaces \u00e0 proximit\u00e9 de la plage (espace pique-nique, terrains de jeux, etc.)<\/li>\n<li>Le couvre-feu est en vigueur \u00e0 partir de 23 h<\/li>\n<li>Les VTT sont interdits<\/li>\n<li>Interdiction d\u2019endommager la verdure<\/li>\n<\/ul>\n<\/div><div class=\"nav fusion-mobile-tab-nav\"><ul class=\"nav-tabs nav-justified\" role=\"tablist\"><li role=\"presentation\"><a class=\"tab-link\" data-toggle=\"tab\" role=\"tab\" aria-controls=\"tab-239d429c6a1bf137f6b\" aria-selected=\"false\" tabindex=\"-1\" id=\"mobile-fusion-tab-feuxdecamp\" href=\"#tab-239d429c6a1bf137f6b\"><h4 class=\"fusion-tab-heading\">Feux de camp<\/h4><\/a><\/li><\/ul><\/div><div class=\"tab-pane fade fusion-clearfix\" role=\"tabpanel\" tabindex=\"0\" aria-labelledby=\"fusion-tab-feuxdecamp\" id=\"tab-239d429c6a1bf137f6b\">\n<ul>\n<li>Les feux de camp doivent \u00eatre contenus dans les cuves \u00e0 feu<\/li>\n<li>Les feux de camp ne peuvent pas d\u00e9passer la cuve par plus de 12 pouces<\/li>\n<li>Ne jamais laisser br\u00fbler de feu sans surveillance<\/li>\n<li>Le parc doit suivre les r\u00e8gles du MRN et de la municipalit\u00e9 de Moonbeam<\/li>\n<\/ul>\n<\/div><div class=\"nav fusion-mobile-tab-nav\"><ul class=\"nav-tabs nav-justified\" role=\"tablist\"><li role=\"presentation\"><a class=\"tab-link\" data-toggle=\"tab\" role=\"tab\" aria-controls=\"tab-d9c32f4cc023670f680\" aria-selected=\"false\" tabindex=\"-1\" id=\"mobile-fusion-tab-d\u00e9chets\" href=\"#tab-d9c32f4cc023670f680\"><h4 class=\"fusion-tab-heading\">D\u00e9chets<\/h4><\/a><\/li><\/ul><\/div><div class=\"tab-pane fade fusion-clearfix\" role=\"tabpanel\" tabindex=\"0\" aria-labelledby=\"fusion-tab-d\u00e9chets\" id=\"tab-d9c32f4cc023670f680\">\n<p><span id=\"ContentPlaceHolder1_lblPageContent\">Les d\u00e9chets doivent \u00eatre emball\u00e9s dans des sacs de poubelles avant de\u00a0les jeter dans le bac \u00e0\u00a0d\u00e9chets<\/span><\/p>\n<\/div><div class=\"nav fusion-mobile-tab-nav\"><ul class=\"nav-tabs nav-justified\" role=\"tablist\"><li role=\"presentation\"><a class=\"tab-link\" data-toggle=\"tab\" role=\"tab\" aria-controls=\"tab-79b39d82c607637c31f\" aria-selected=\"false\" tabindex=\"-1\" id=\"mobile-fusion-tab-visiteurs\" href=\"#tab-79b39d82c607637c31f\"><h4 class=\"fusion-tab-heading\">Visiteurs<\/h4><\/a><\/li><\/ul><\/div><div class=\"tab-pane fade fusion-clearfix\" role=\"tabpanel\" tabindex=\"0\" aria-labelledby=\"fusion-tab-visiteurs\" id=\"tab-79b39d82c607637c31f\">\n<ul>\n<li>Tout campeur est responsable du comportement du ses visiteurs<\/li>\n<li>Chaque visiteur doit s\u2019inscrire et payer le frais d\u2019admission pour la journ\u00e9e \u00e0 l\u2019accueil<\/li>\n<li>Les propri\u00e9taires et le personnel du parc ne seront pas tenus responsables de tout accident ou blessure qui survient sur la propri\u00e9t\u00e9 du parc<\/li>\n<li>Les propri\u00e9taires et le personnel du parc ne seront pas tenus responsables de tout dommage caus\u00e9 par la perte totale ou partielle d\u2019\u00e9lectricit\u00e9, la perte de propri\u00e9t\u00e9 due au vent, au feu, \u00e0 un arbre tomb\u00e9, \u00e0 une inondation, au vol, au vandalisme, \u00e0 une collision, \u00e0 tout autre acte ou inactivit\u00e9 d\u2019autres campeurs ou clients du parc, ou m\u00eame, en raison d\u2019un \u00e9v\u00e9nement impr\u00e9visible qui touche votre famille, vos invit\u00e9s, vous-m\u00eame, votre propri\u00e9t\u00e9, votre roulotte ou son contenue. Les visiteurs et campeurs acceptent d\u2019indemniser et de d\u00e9gager toute responsabilit\u00e9 envers le terrain de camping Twin Lakes, ses propri\u00e9taires et son personnel contre toute poursuite, r\u00e9clamation, demande, exigences, cause d\u2019action, responsabilit\u00e9s, co\u00fbts, d\u00e9penses, pertes et frais juridique qui pourrait \u00eatre encourus.<\/li>\n<\/ul>\n<\/div><\/div><\/div><div class=\"fusion-clearfix\"><\/div><\/div><\/div><\/div><\/div>\n","protected":false},"excerpt":{"rendered":"","protected":false},"author":1,"featured_media":0,"parent":0,"menu_order":0,"comment_status":"closed","ping_status":"closed","template":"","meta":{"_exactmetrics_skip_tracking":false,"_exactmetrics_sitenote_active":false,"_exactmetrics_sitenote_note":"","_exactmetrics_sitenote_category":0},"_links":{"self":[{"href":"https:\/\/twinlakescamping.ca\/index.php?rest_route=\/wp\/v2\/pages\/12262"}],"collection":[{"href":"https:\/\/twinlakescamping.ca\/index.php?rest_route=\/wp\/v2\/pages"}],"about":[{"href":"https:\/\/twinlakescamping.ca\/index.php?rest_route=\/wp\/v2\/types\/page"}],"author":[{"embeddable":true,"href":"https:\/\/twinlakescamping.ca\/index.php?rest_route=\/wp\/v2\/users\/1"}],"replies":[{"embeddable":true,"href":"https:\/\/twinlakescamping.ca\/index.php?rest_route=%2Fwp%2Fv2%2Fcomments&post=12262"}],"version-history":[{"count":2,"href":"https:\/\/twinlakescamping.ca\/index.php?rest_route=\/wp\/v2\/pages\/12262\/revisions"}],"predecessor-version":[{"id":12264,"href":"https:\/\/twinlakescamping.ca\/index.php?rest_route=\/wp\/v2\/pages\/12262\/revisions\/12264"}],"wp:attachment":[{"href":"https:\/\/twinlakescamping.ca\/index.php?rest_route=%2Fwp%2Fv2%2Fmedia&parent=12262"}],"curies":[{"name":"wp","href":"https:\/\/api.w.org\/{rel}","templated":true}]}}