{"id":12078,"date":"2017-08-18T02:33:12","date_gmt":"2017-08-18T02:33:12","guid":{"rendered":"http:\/\/twinlakescamping.ca.mocha8000.mochahost.com\/wp\/?page_id=12078"},"modified":"2025-04-02T13:51:21","modified_gmt":"2025-04-02T13:51:21","slug":"tarrifs","status":"publish","type":"page","link":"https:\/\/twinlakescamping.ca\/?page_id=12078&lang=fr","title":{"rendered":"Tarifs"},"content":{"rendered":"<div class=\"fusion-fullwidth fullwidth-box fusion-builder-row-1 nonhundred-percent-fullwidth non-hundred-percent-height-scrolling\" style=\"--awb-border-radius-top-left:0px;--awb-border-radius-top-right:0px;--awb-border-radius-bottom-right:0px;--awb-border-radius-bottom-left:0px;--awb-flex-wrap:wrap;\" ><div class=\"fusion-builder-row fusion-row\"><div class=\"fusion-layout-column fusion_builder_column fusion-builder-column-0 fusion_builder_column_1_1 1_1 fusion-one-full fusion-column-first fusion-column-last\" style=\"--awb-bg-size:cover;\"><div class=\"fusion-column-wrapper fusion-flex-column-wrapper-legacy\"><div class=\"fusion-title title fusion-title-1 fusion-title-text fusion-title-size-two\"><h2 class=\"fusion-title-heading title-heading-left fusion-responsive-typography-calculated\" style=\"margin:0;--fontSize:28;line-height:1.36;\"><h1><strong>Tarifs <\/strong><\/h1><\/h2><span class=\"awb-title-spacer\"><\/span><div class=\"title-sep-container\"><div class=\"title-sep sep-single sep-solid\" style=\"border-color:#e0dede;\"><\/div><\/div><\/div><div class=\"fusion-text fusion-text-1\"><p>Bienvenue au terrain de camping Twin Lakes. Venez-y passer la journ\u00e9e pour vous d\u00e9tendre et pour profiter du soleil \u00e0 la plage. Les passes pour la journ\u00e9e sont disponibles de 9 h \u00e0 21 h et comprennent l\u2019acc\u00e8s aux plages, aux petites glissades d\u2019eau (sans sauveteur), aux terrains de jeux, aux sentiers en nature, aux pistes de marches autour des lacs ainsi que pour les visites aux campeurs ou pour les randonn\u00e9es en nature.<\/p>\n<p>Le terrain de camping Twin Lakes est un terrain priv\u00e9 ouvert au public en \u00e9change d\u2019un tarif d\u2019entr\u00e9e.<\/p>\n<h2><strong>Tarifs<\/strong><\/h2>\n<p>Tax incluse : Passes de jour et de la glissade d&#8217;eau.<\/p>\n<p>Tous les autres prix n&#8217;incluent pas les taxes.<\/p>\n<\/div><div class=\"fusion-title title fusion-title-2 fusion-title-text fusion-title-size-three\"><h3 class=\"fusion-title-heading title-heading-left fusion-responsive-typography-calculated\" style=\"margin:0;--fontSize:24;line-height:2;\">Passe De Jour<\/h3><span class=\"awb-title-spacer\"><\/span><div class=\"title-sep-container\"><div class=\"title-sep sep-single sep-solid\" style=\"border-color:#e0dede;\"><\/div><\/div><\/div><\/br><style type='text\/css'>\n\t\t\t\t.pricing-table-1.fusion-pricing-table .panel-container, .pricing-table-1.fusion-pricing-table .standout .panel-container,\n\t\t\t\t.pricing-table-1.full-boxed-pricing.fusion-pricing-table {background-color:#f8f8f8;}\n\t\t\t\t.pricing-table-1.fusion-pricing-table .list-group .list-group-item,\n\t\t\t\t.pricing-table-1.fusion-pricing-table .list-group .list-group-item:last-child{background-color:#ffffff; border-color:#ededed;}\n\t\t\t\t.pricing-table-1.full-boxed-pricing.fusion-pricing-table .panel-wrapper:hover .panel-heading,\n\t\t\t\t.pricing-table-1.fusion-pricing-table .panel-wrapper:hover .list-group-item {background-color:var(--awb-color2);}\n\t\t\t\t.pricing-table-1.full-boxed-pricing.fusion-pricing-table .panel-heading{background-color:#ffffff;}\n\t\t\t\t.pricing-table-1.fusion-pricing-table .fusion-panel, .pricing-table-1 .panel-wrapper:last-child .fusion-panel,\n\t\t\t\t.pricing-table-1.fusion-pricing-table .standout .fusion-panel, .pricing-table-1.fusion-pricing-table  .panel-heading,\n\t\t\t\t.pricing-table-1.fusion-pricing-table .panel-body, .pricing-table-1.fusion-pricing-table .panel-footer{border-color:#ededed;}\n\t\t\t\t.pricing-table-1.fusion-pricing-table .panel-body, .pricing-table-1.fusion-pricing-table .panel-footer{background-color:#f8f8f8;}\n\t\t\t\t.pricing-table-1.sep-boxed-pricing.fusion-pricing-table .panel-heading h3{color:#333333;}\n\t\t\t\t.pricing-table-1.full-boxed-pricing.fusion-pricing-table .panel-heading h3{color:#333333;}\n\t\t\t\t.pricing-table-1.fusion-pricing-table .panel-body .price .decimal-part{color:#a5c462;}\n\t\t\t\t.pricing-table-1.fusion-pricing-table .panel-body .price .integer-part{color:#a5c462;}\n\t\t\t\t.pricing-table-1.fusion-pricing-table ul.list-group li{color:#747474;}\n\t\t\t\t<\/style><div class=\"fusion-pricing-table pricing-table-1 sep-boxed-pricing row fusion-columns-4 columns-4 fusion-clearfix\"><div class=\"panel-wrapper fusion-column column col-lg-3 col-md-3 col-sm-3 fusion-pricingtable-column\"><div class=\"panel-container\"><div class=\"fusion-panel\"><div class=\"panel-heading\"><h3 class=\"title-row\">Enfants<\/h3><\/div><div class=\"panel-body pricing-row\"><div class=\"price \"><span class=\"currency\">$<\/span><span class=\"integer-part\">4<\/span><\/div><\/div><ul class=\"list-group\"><li class=\"list-group-item normal-row\">par jour<\/li><\/ul><div class=\"panel-footer footer-row\">Acc\u00e8s \u00e0 la plage et tout nos installations<\/div><\/div><\/div><\/div><div class=\"panel-wrapper fusion-column column col-lg-3 col-md-3 col-sm-3 standout fusion-pricingtable-column\"><div class=\"panel-container\"><div class=\"fusion-panel\"><div class=\"panel-heading\"><h3 class=\"title-row\">Adulte<\/h3><\/div><div class=\"panel-body pricing-row\"><div class=\"price \"><span class=\"currency\">$<\/span><span class=\"integer-part\">5<\/span><\/div><\/div><ul class=\"list-group\"><li class=\"list-group-item normal-row\">par jour<\/li><\/ul><div class=\"panel-footer footer-row\">Acc\u00e8s \u00e0 la plage et tout nos installations<\/div><\/div><\/div><\/div><div class=\"panel-wrapper fusion-column column col-lg-3 col-md-3 col-sm-3 fusion-pricingtable-column\"><div class=\"panel-container\"><div class=\"fusion-panel\"><div class=\"panel-heading\"><h3 class=\"title-row\">Passe pour la saison<\/h3><\/div><div class=\"panel-body pricing-row\"><div class=\"price \"><span class=\"currency\">$<\/span><span class=\"integer-part\">90<\/span><\/div><\/div><ul class=\"list-group\"><li class=\"list-group-item normal-row\">pour la Saison<\/li><\/ul><div class=\"panel-footer footer-row\">Acc\u00e8s \u00e0 la plage et tout nos installations<\/div><\/div><\/div><\/div><div class=\"panel-wrapper fusion-column column col-lg-3 col-md-3 col-sm-3 fusion-pricingtable-column\"><div class=\"panel-container\"><div class=\"fusion-panel\"><div class=\"panel-heading\"><h3 class=\"title-row\">Passe de famille<\/h3><\/div><div class=\"panel-body pricing-row\"><div class=\"price \"><span class=\"currency\">$<\/span><span class=\"integer-part\">275<\/span><\/div><\/div><ul class=\"list-group\"><li class=\"list-group-item normal-row\">Pour la saison<\/li><\/ul><div class=\"panel-footer footer-row\">Acc\u00e8s \u00e0 la plage et tout nos installations<\/div><\/div><\/div><\/div><\/div><div class=\"fusion-clearfix\"><\/div><\/div><\/div><\/div><\/div>\n","protected":false},"excerpt":{"rendered":"","protected":false},"author":1,"featured_media":0,"parent":0,"menu_order":0,"comment_status":"closed","ping_status":"closed","template":"","meta":{"_exactmetrics_skip_tracking":false,"_exactmetrics_sitenote_active":false,"_exactmetrics_sitenote_note":"","_exactmetrics_sitenote_category":0},"_links":{"self":[{"href":"https:\/\/twinlakescamping.ca\/index.php?rest_route=\/wp\/v2\/pages\/12078"}],"collection":[{"href":"https:\/\/twinlakescamping.ca\/index.php?rest_route=\/wp\/v2\/pages"}],"about":[{"href":"https:\/\/twinlakescamping.ca\/index.php?rest_route=\/wp\/v2\/types\/page"}],"author":[{"embeddable":true,"href":"https:\/\/twinlakescamping.ca\/index.php?rest_route=\/wp\/v2\/users\/1"}],"replies":[{"embeddable":true,"href":"https:\/\/twinlakescamping.ca\/index.php?rest_route=%2Fwp%2Fv2%2Fcomments&post=12078"}],"version-history":[{"count":41,"href":"https:\/\/twinlakescamping.ca\/index.php?rest_route=\/wp\/v2\/pages\/12078\/revisions"}],"predecessor-version":[{"id":12991,"href":"https:\/\/twinlakescamping.ca\/index.php?rest_route=\/wp\/v2\/pages\/12078\/revisions\/12991"}],"wp:attachment":[{"href":"https:\/\/twinlakescamping.ca\/index.php?rest_route=%2Fwp%2Fv2%2Fmedia&parent=12078"}],"curies":[{"name":"wp","href":"https:\/\/api.w.org\/{rel}","templated":true}]}}