{"id":12876,"date":"2023-03-27T15:04:18","date_gmt":"2023-03-27T15:04:18","guid":{"rendered":"http:\/\/twinlakescamping.ca\/?page_id=12876"},"modified":"2024-04-28T13:30:14","modified_gmt":"2024-04-28T13:30:14","slug":"accueil-fr","status":"publish","type":"page","link":"http:\/\/twinlakescamping.ca\/?page_id=12876&lang=fr","title":{"rendered":"Accueil-fr"},"content":{"rendered":"<p><div class=\"fusion-fullwidth fullwidth-box fusion-builder-row-1 nonhundred-percent-fullwidth non-hundred-percent-height-scrolling\" style=\"--awb-border-radius-top-left:0px;--awb-border-radius-top-right:0px;--awb-border-radius-bottom-right:0px;--awb-border-radius-bottom-left:0px;--awb-padding-top:30px;--awb-padding-bottom:60px;--awb-flex-wrap:wrap;\" ><div class=\"fusion-builder-row fusion-row\"><div class=\"fusion-layout-column fusion_builder_column fusion-builder-column-0 fusion_builder_column_1_2 1_2 fusion-one-half fusion-column-first\" style=\"--awb-bg-size:cover;width:50%;width:calc(50% - ( ( 4% ) * 0.5 ) );margin-right: 4%;\"><div class=\"fusion-column-wrapper fusion-flex-column-wrapper-legacy\"><div class=\"fusion-text fusion-text-1\"><h2>Bienvenue au terrain de camping Twin Lakes<\/h2>\n<p>Le terrain de camping Twin Lakes vous offre 3 petites glissades d\u2019eau pour enfants, 3 plages de sable, des tables de pique-nique au soleil sur la plage et \u00e0 l\u2019ombre, des salles de rechanges et des salles de toilettes publiques. Passez-y la nuit, la semaine ou la saison, venez vivre le plus bel \u00e9t\u00e9!<\/p>\n<p>Vivez l\u2019exp\u00e9rience ultime du terrain de camping Twin Lakes et passez votre s\u00e9jour dans un de nos trois appartements climatis\u00e9s, bunkie et cabine de luxe. Nos appartements peuvent accueillir\u00a06 personnes. Les cuisinettes sont am\u00e9nag\u00e9es avec r\u00e9frig\u00e9rateur, four ou plaque chauffante, micro-ondes, grille-pains, ainsi qu\u2019un petit ensemble de salle \u00e0 manger, un futon, des lits superpos\u00e9s et une toilette priv\u00e9e. Pour votre conv\u00e9nience nous avons une table de pic-nic, un BBQ au charbon et rond de feu ext\u00e9rieur.<\/p>\n<p>Chez nous, les enfants s\u2019amusent. Le terrain de camping comprend 3 terrains de jeux avec balan\u00e7oires, des glissades et encore des plus; l\u2019endroit id\u00e9al pour les enfants. De plus, nous offrons \u00e0 nos campeurs des sites avec les trois services ainsi que des terrains sauvages et pour tentes. Profitez de nos pistes de marche pav\u00e9es autour du lac, des plages et du terrain de camping. Les salles de toilettes avec douches, laveuses et s\u00e9cheuses sont \u00e0 votre disposition si vous en avez besoin. Au terrain de camping Twin Lakes, nous avons rendu\u00a0quelques espaces publics accessibles aux chaises roulantes. Si le temps vous manque et que vous passez sur la route 11, tournez \u00e0 la soucoupe volante sur la route 581 direction nord, continuer pour un autre 3km.\u00a0Le casse-cro\u00fbte Twin Lakes est ouvert tous les jours de 11h \u00e0 20h, t\u00e9l\u00e9phone au 705-367-2800. Ne ratez pas la chance de savourer un de nos items tels que de nos hamburgers, nos frites ou nos friandises glac\u00e9es.<\/p>\n<\/div><div class=\"fusion-clearfix\"><\/div><\/div><\/div><div class=\"fusion-layout-column fusion_builder_column fusion-builder-column-1 fusion_builder_column_1_2 1_2 fusion-one-half fusion-column-last\" style=\"--awb-bg-size:cover;width:50%;width:calc(50% - ( ( 4% ) * 0.5 ) );\"><div class=\"fusion-column-wrapper fusion-flex-column-wrapper-legacy\">\n<div class=\"table-2\">\n<table width=\"100%\">\n<thead>\n<tr>\n<th align=\"left\">Heure d&#8217;ouverture<\/th>\n<\/tr>\n<\/thead>\n<tbody>\n<tr>\n<td align=\"left\">Lundi au Dimanche &#8211; <strong>9h00 \u00e0 19h00<br \/>\n<\/strong>Ouvert \u00e0 partir du\u00a015 mai jusqu&#8217;au 15 septembre<\/td>\n<\/tr>\n<\/tbody>\n<\/table>\n<\/div>\n<\/br>\n<div class=\"table-2\">\n<table width=\"100%\">\n<thead>\n<tr>\n<th align=\"left\">Sites de nuit<\/th>\n<\/tr>\n<\/thead>\n<tbody>\n<tr>\n<td align=\"left\">Lundi au Dimanche &#8211; <strong>Heure d&#8217;arriv\u00e9e 14h00, heure de sortie 11h00<\/strong><br \/>\n<strong>Les sites de nuits sont disponible<\/strong><\/td>\n<\/tr>\n<\/tbody>\n<\/table>\n<\/div>\n<ul style=\"--awb-size:18px;--awb-iconcolor:#00a38f;--awb-line-height:30.6px;--awb-icon-width:30.6px;--awb-icon-height:30.6px;--awb-icon-margin:12.6px;--awb-content-margin:43.2px;\" class=\"fusion-checklist fusion-checklist-1 fusion-checklist-default type-icons\"><li class=\"fusion-li-item\" style=\"\"><span class=\"icon-wrapper circle-no\"><i class=\"fusion-li-icon fa fa-check-square-o\" aria-hidden=\"true\"><\/i><\/span><div class=\"fusion-li-item-content\">\n<p>Nous avons du bois \u00e0 vendre pour vos feux de camp<\/p>\n<\/div><\/li><li class=\"fusion-li-item\" style=\"\"><span class=\"icon-wrapper circle-no\"><i class=\"fusion-li-icon fa fa-check-square-o\" aria-hidden=\"true\"><\/i><\/span><div class=\"fusion-li-item-content\">\n<p>Nous parlons fran\u00e7ais<\/p>\n<\/div><\/li><\/ul><\/br><iframe src=\"https:\/\/www.google.com\/maps\/embed?pb=!1m26!1m12!1m3!1d20788.518290534965!2d-82.18109785788423!3d49.36038537861527!2m3!1f0!2f0!3f0!3m2!1i1024!2i768!4f13.1!4m11!3e0!4m3!3m2!1d49.345054!2d-82.165189!4m5!1s0x4d3dc6cae233ccdb%3A0xc6911667f8d48bcd!2sTwin+Lakes+Camping%2C+35%2C+ON-581%2C+Moonbeam%2C+ON+P0L+1V0!3m2!1d49.377137999999995!2d-82.160344!5e0!3m2!1sen!2sca!4v1507004856184\" width=\"100%\" height=\"350\" frameborder=\"0\" style=\"border:0\" allowfullscreen><\/iframe><div class=\"fusion-clearfix\"><\/div><\/div><\/div><\/div><\/div><div class=\"fusion-fullwidth fullwidth-box fusion-builder-row-2 nonhundred-percent-fullwidth non-hundred-percent-height-scrolling\" style=\"--awb-border-radius-top-left:0px;--awb-border-radius-top-right:0px;--awb-border-radius-bottom-right:0px;--awb-border-radius-bottom-left:0px;--awb-background-color:#f0f0ed;--awb-flex-wrap:wrap;\" ><div class=\"fusion-builder-row fusion-row\"><div class=\"fusion-layout-column fusion_builder_column fusion-builder-column-2 fusion_builder_column_1_1 1_1 fusion-one-full fusion-column-first fusion-column-last\" style=\"--awb-bg-size:cover;\"><div class=\"fusion-column-wrapper fusion-flex-column-wrapper-legacy\"><div class=\"fusion-text fusion-text-2\"><h1 style=\"text-align: center;\">Passe de jour<\/h1>\n<\/div><div class=\"fusion-sep-clear\"><\/div><div class=\"fusion-separator fusion-full-width-sep\" style=\"margin-left: auto;margin-right: auto;width:100%;\"><div class=\"fusion-separator-border sep-single sep-solid\" style=\"--awb-height:20px;--awb-amount:20px;border-color:#e0dede;border-top-width:1px;\"><\/div><\/div><div class=\"fusion-sep-clear\"><\/div><div class=\"fusion-clearfix\"><\/div><\/div><\/div><div class=\"fusion-layout-column fusion_builder_column fusion-builder-column-3 fusion_builder_column_1_6 1_6 fusion-one-sixth fusion-column-first\" style=\"--awb-bg-size:cover;width:16.666666666667%;width:calc(16.666666666667% - ( ( 4% + 4% ) * 0.16666666666667 ) );margin-right: 4%;\"><div class=\"fusion-column-wrapper fusion-flex-column-wrapper-legacy\"><div class=\"fusion-clearfix\"><\/div><\/div><\/div><div class=\"fusion-layout-column fusion_builder_column fusion-builder-column-4 fusion_builder_column_2_3 2_3 fusion-two-third\" style=\"--awb-bg-size:cover;width:66.666666666667%;width:calc(66.666666666667% - ( ( 4% + 4% ) * 0.66666666666667 ) );margin-right: 4%;\"><div class=\"fusion-column-wrapper fusion-flex-column-wrapper-legacy\"><style type='text\/css'>\n\t\t\t\t.pricing-table-1.fusion-pricing-table .panel-container, .pricing-table-1.fusion-pricing-table .standout .panel-container,\n\t\t\t\t.pricing-table-1.full-boxed-pricing.fusion-pricing-table {background-color:#f8f8f8;}\n\t\t\t\t.pricing-table-1.fusion-pricing-table .list-group .list-group-item,\n\t\t\t\t.pricing-table-1.fusion-pricing-table .list-group .list-group-item:last-child{background-color:#ffffff; border-color:#ededed;}\n\t\t\t\t.pricing-table-1.full-boxed-pricing.fusion-pricing-table .panel-wrapper:hover .panel-heading,\n\t\t\t\t.pricing-table-1.fusion-pricing-table .panel-wrapper:hover .list-group-item {background-color:var(--awb-color2);}\n\t\t\t\t.pricing-table-1.full-boxed-pricing.fusion-pricing-table .panel-heading{background-color:#ffffff;}\n\t\t\t\t.pricing-table-1.fusion-pricing-table .fusion-panel, .pricing-table-1 .panel-wrapper:last-child .fusion-panel,\n\t\t\t\t.pricing-table-1.fusion-pricing-table .standout .fusion-panel, .pricing-table-1.fusion-pricing-table  .panel-heading,\n\t\t\t\t.pricing-table-1.fusion-pricing-table .panel-body, .pricing-table-1.fusion-pricing-table .panel-footer{border-color:#ededed;}\n\t\t\t\t.pricing-table-1.fusion-pricing-table .panel-body, .pricing-table-1.fusion-pricing-table .panel-footer{background-color:#f8f8f8;}\n\t\t\t\t.pricing-table-1.sep-boxed-pricing.fusion-pricing-table .panel-heading h3{color:#333333;}\n\t\t\t\t.pricing-table-1.full-boxed-pricing.fusion-pricing-table .panel-heading h3{color:#333333;}\n\t\t\t\t.pricing-table-1.fusion-pricing-table .panel-body .price .decimal-part{color:#a5c462;}\n\t\t\t\t.pricing-table-1.fusion-pricing-table .panel-body .price .integer-part{color:#a5c462;}\n\t\t\t\t.pricing-table-1.fusion-pricing-table ul.list-group li{color:#747474;}\n\t\t\t\t<\/style><div class=\"fusion-pricing-table pricing-table-1 full-boxed-pricing row fusion-columns-4 columns-4 fusion-clearfix\"><div class=\"panel-wrapper fusion-column column col-lg-3 col-md-3 col-sm-3 fusion-pricingtable-column\"><div class=\"panel-container\"><div class=\"fusion-panel\"><div class=\"panel-heading\"><h3 class=\"title-row\">Enfants<\/h3><\/div><div class=\"panel-body pricing-row\"><div class=\"price \"><span class=\"currency\">$<\/span><span class=\"integer-part\">4<\/span><span class=\"time price-without-decimal\">par jour<\/span><\/div><\/div><ul class=\"list-group\"><li class=\"list-group-item normal-row\">Acc\u00e8s aux installations et \u00e0 la plage<\/li><\/ul><\/div><\/div><\/div><div class=\"panel-wrapper fusion-column column col-lg-3 col-md-3 col-sm-3 fusion-pricingtable-column\"><div class=\"panel-container\"><div class=\"fusion-panel\"><div class=\"panel-heading\"><h3 class=\"title-row\">Adulte<\/h3><\/div><div class=\"panel-body pricing-row\"><div class=\"price \"><span class=\"currency\">$<\/span><span class=\"integer-part\">5<\/span><span class=\"time price-without-decimal\">par jour<\/span><\/div><\/div><ul class=\"list-group\"><li class=\"list-group-item normal-row\">Acc\u00e8s aux installations et \u00e0 la plage<\/li><\/ul><\/div><\/div><\/div><div class=\"panel-wrapper fusion-column column col-lg-3 col-md-3 col-sm-3 standout fusion-pricingtable-column\"><div class=\"panel-container\"><div class=\"fusion-panel\"><div class=\"panel-heading\"><h3 class=\"title-row\">Passe saisonale<\/h3><\/div><div class=\"panel-body pricing-row\"><div class=\"price \"><span class=\"currency\">$<\/span><span class=\"integer-part\">90<\/span><span class=\"time price-without-decimal\">par ann\u00e9e<\/span><\/div><\/div><ul class=\"list-group\"><li class=\"list-group-item normal-row\">Acc\u00e8s aux installations et \u00e0 la plage<\/li><\/ul><\/div><\/div><\/div><div class=\"panel-wrapper fusion-column column col-lg-3 col-md-3 col-sm-3 fusion-pricingtable-column\"><div class=\"panel-container\"><div class=\"fusion-panel\"><div class=\"panel-heading\"><h3 class=\"title-row\">Passe de famille<\/h3><\/div><div class=\"panel-body pricing-row\"><div class=\"price \"><span class=\"currency\">$<\/span><span class=\"integer-part\">275<\/span><span class=\"time price-without-decimal\">par an\u00e9e<\/span><\/div><\/div><ul class=\"list-group\"><li class=\"list-group-item normal-row\">Acc\u00e8s aux installations et \u00e0 la plage<\/li><\/ul><\/div><\/div><\/div><\/div><div class=\"fusion-button-wrapper\"><a class=\"fusion-button button-3d fusion-button-default-size button-default fusion-button-default button-1 fusion-button-default-span fusion-button-default-type\" target=\"_self\" href=\"?page_id=12078&amp;lang=fr\"><span class=\"fusion-button-text\">Voir tout les tarifs<\/span><\/a><\/div><div class=\"fusion-clearfix\"><\/div><\/div><\/div><div class=\"fusion-layout-column fusion_builder_column fusion-builder-column-5 fusion_builder_column_1_6 1_6 fusion-one-sixth fusion-column-last\" style=\"--awb-bg-size:cover;width:16.666666666667%;width:calc(16.666666666667% - ( ( 4% + 4% ) * 0.16666666666667 ) );\"><div class=\"fusion-column-wrapper fusion-flex-column-wrapper-legacy\"><div class=\"fusion-clearfix\"><\/div><\/div><\/div><\/div><\/div><\/p>\n","protected":false},"excerpt":{"rendered":"","protected":false},"author":1,"featured_media":0,"parent":0,"menu_order":0,"comment_status":"closed","ping_status":"open","template":"100-width.php","meta":{"_exactmetrics_skip_tracking":false,"_exactmetrics_sitenote_active":false,"_exactmetrics_sitenote_note":"","_exactmetrics_sitenote_category":0},"_links":{"self":[{"href":"http:\/\/twinlakescamping.ca\/index.php?rest_route=\/wp\/v2\/pages\/12876"}],"collection":[{"href":"http:\/\/twinlakescamping.ca\/index.php?rest_route=\/wp\/v2\/pages"}],"about":[{"href":"http:\/\/twinlakescamping.ca\/index.php?rest_route=\/wp\/v2\/types\/page"}],"author":[{"embeddable":true,"href":"http:\/\/twinlakescamping.ca\/index.php?rest_route=\/wp\/v2\/users\/1"}],"replies":[{"embeddable":true,"href":"http:\/\/twinlakescamping.ca\/index.php?rest_route=%2Fwp%2Fv2%2Fcomments&post=12876"}],"version-history":[{"count":6,"href":"http:\/\/twinlakescamping.ca\/index.php?rest_route=\/wp\/v2\/pages\/12876\/revisions"}],"predecessor-version":[{"id":12935,"href":"http:\/\/twinlakescamping.ca\/index.php?rest_route=\/wp\/v2\/pages\/12876\/revisions\/12935"}],"wp:attachment":[{"href":"http:\/\/twinlakescamping.ca\/index.php?rest_route=%2Fwp%2Fv2%2Fmedia&parent=12876"}],"curies":[{"name":"wp","href":"https:\/\/api.w.org\/{rel}","templated":true}]}}