{"id":12636,"date":"2020-02-04T01:49:33","date_gmt":"2020-02-04T01:49:33","guid":{"rendered":"http:\/\/twinlakescamping.ca\/?page_id=12636"},"modified":"2025-07-30T19:30:42","modified_gmt":"2025-07-30T19:30:42","slug":"lofted-bunkie-2","status":"publish","type":"page","link":"http:\/\/twinlakescamping.ca\/?page_id=12636&lang=fr","title":{"rendered":"Lofted Bunkie"},"content":{"rendered":"<p><div class=\"fusion-fullwidth fullwidth-box fusion-builder-row-1 nonhundred-percent-fullwidth non-hundred-percent-height-scrolling\" style=\"--awb-border-radius-top-left:0px;--awb-border-radius-top-right:0px;--awb-border-radius-bottom-right:0px;--awb-border-radius-bottom-left:0px;--awb-flex-wrap:wrap;\" ><div class=\"fusion-builder-row fusion-row\"><div class=\"fusion-layout-column fusion_builder_column fusion-builder-column-0 fusion_builder_column_1_1 1_1 fusion-one-full fusion-column-first fusion-column-last\" style=\"--awb-bg-size:cover;--awb-margin-bottom:0px;\"><div class=\"fusion-column-wrapper fusion-flex-column-wrapper-legacy\"><div class=\"fusion-text fusion-text-1\"><div class=\"fusion-text fusion-text-1\"><\/div>\n<h1><strong>Lofted Bunkie # 1\u00a0 \u00a0 \u00a0 \u00a0 \u00a0 \u00a0\u00a0<\/strong><\/h1>\n<p><strong>Bunkie # 1 avec salle de bain\/ douche priv\u00e9e\u00a0 \u00a0\u00a0<\/strong><\/p>\n\n\t\t<style type=\"text\/css\">\n\t\t\t#gallery-1 {\n\t\t\t\tmargin: auto;\n\t\t\t}\n\t\t\t#gallery-1 .gallery-item {\n\t\t\t\tfloat: left;\n\t\t\t\tmargin-top: 10px;\n\t\t\t\ttext-align: center;\n\t\t\t\twidth: 25%;\n\t\t\t}\n\t\t\t#gallery-1 img {\n\t\t\t\tborder: 2px solid #cfcfcf;\n\t\t\t}\n\t\t\t#gallery-1 .gallery-caption {\n\t\t\t\tmargin-left: 0;\n\t\t\t}\n\t\t\t\/* see gallery_shortcode() in wp-includes\/media.php *\/\n\t\t<\/style>\n\t\t<div id='gallery-1' class='gallery galleryid-12636 gallery-columns-4 gallery-size-medium'><dl class='gallery-item'>\n\t\t\t<dt class='gallery-icon landscape'>\n\t\t\t\t<a data-rel=\"iLightbox[postimages]\" data-title=\"img10\" data-caption=\"\" href='http:\/\/twinlakescamping.ca\/wp-content\/uploads\/2020\/02\/img10.png'><img width=\"300\" height=\"200\" src=\"http:\/\/twinlakescamping.ca\/wp-content\/uploads\/2020\/02\/img10-300x200.png\" class=\"attachment-medium size-medium\" alt=\"\" decoding=\"async\" srcset=\"http:\/\/twinlakescamping.ca\/wp-content\/uploads\/2020\/02\/img10-200x133.png 200w, http:\/\/twinlakescamping.ca\/wp-content\/uploads\/2020\/02\/img10-300x200.png 300w, http:\/\/twinlakescamping.ca\/wp-content\/uploads\/2020\/02\/img10-400x267.png 400w, http:\/\/twinlakescamping.ca\/wp-content\/uploads\/2020\/02\/img10-600x400.png 600w, http:\/\/twinlakescamping.ca\/wp-content\/uploads\/2020\/02\/img10.png 640w\" sizes=\"(max-width: 300px) 100vw, 300px\" \/><\/a>\n\t\t\t<\/dt><\/dl><dl class='gallery-item'>\n\t\t\t<dt class='gallery-icon landscape'>\n\t\t\t\t<a data-rel=\"iLightbox[postimages]\" data-title=\"img9\" data-caption=\"\" href='http:\/\/twinlakescamping.ca\/wp-content\/uploads\/2020\/02\/img9.png'><img width=\"300\" height=\"200\" src=\"http:\/\/twinlakescamping.ca\/wp-content\/uploads\/2020\/02\/img9-300x200.png\" class=\"attachment-medium size-medium\" alt=\"\" decoding=\"async\" srcset=\"http:\/\/twinlakescamping.ca\/wp-content\/uploads\/2020\/02\/img9-200x133.png 200w, http:\/\/twinlakescamping.ca\/wp-content\/uploads\/2020\/02\/img9-300x200.png 300w, http:\/\/twinlakescamping.ca\/wp-content\/uploads\/2020\/02\/img9-400x267.png 400w, http:\/\/twinlakescamping.ca\/wp-content\/uploads\/2020\/02\/img9-600x400.png 600w, http:\/\/twinlakescamping.ca\/wp-content\/uploads\/2020\/02\/img9.png 640w\" sizes=\"(max-width: 300px) 100vw, 300px\" \/><\/a>\n\t\t\t<\/dt><\/dl><dl class='gallery-item'>\n\t\t\t<dt class='gallery-icon portrait'>\n\t\t\t\t<a data-rel=\"iLightbox[postimages]\" data-title=\"img8\" data-caption=\"\" href='http:\/\/twinlakescamping.ca\/wp-content\/uploads\/2020\/02\/img8.png'><img width=\"200\" height=\"300\" src=\"http:\/\/twinlakescamping.ca\/wp-content\/uploads\/2020\/02\/img8-200x300.png\" class=\"attachment-medium size-medium\" alt=\"\" decoding=\"async\" srcset=\"http:\/\/twinlakescamping.ca\/wp-content\/uploads\/2020\/02\/img8-200x300.png 200w, http:\/\/twinlakescamping.ca\/wp-content\/uploads\/2020\/02\/img8-400x600.png 400w, http:\/\/twinlakescamping.ca\/wp-content\/uploads\/2020\/02\/img8.png 427w\" sizes=\"(max-width: 200px) 100vw, 200px\" \/><\/a>\n\t\t\t<\/dt><\/dl><dl class='gallery-item'>\n\t\t\t<dt class='gallery-icon landscape'>\n\t\t\t\t<a data-rel=\"iLightbox[postimages]\" data-title=\"img7\" data-caption=\"\" href='http:\/\/twinlakescamping.ca\/wp-content\/uploads\/2020\/02\/img7.png'><img width=\"300\" height=\"200\" src=\"http:\/\/twinlakescamping.ca\/wp-content\/uploads\/2020\/02\/img7-300x200.png\" class=\"attachment-medium size-medium\" alt=\"\" decoding=\"async\" srcset=\"http:\/\/twinlakescamping.ca\/wp-content\/uploads\/2020\/02\/img7-200x133.png 200w, http:\/\/twinlakescamping.ca\/wp-content\/uploads\/2020\/02\/img7-300x200.png 300w, http:\/\/twinlakescamping.ca\/wp-content\/uploads\/2020\/02\/img7-400x267.png 400w, http:\/\/twinlakescamping.ca\/wp-content\/uploads\/2020\/02\/img7-600x400.png 600w, http:\/\/twinlakescamping.ca\/wp-content\/uploads\/2020\/02\/img7.png 640w\" sizes=\"(max-width: 300px) 100vw, 300px\" \/><\/a>\n\t\t\t<\/dt><\/dl><br style=\"clear: both\" \/><dl class='gallery-item'>\n\t\t\t<dt class='gallery-icon landscape'>\n\t\t\t\t<a data-rel=\"iLightbox[postimages]\" data-title=\"img6\" data-caption=\"\" href='http:\/\/twinlakescamping.ca\/wp-content\/uploads\/2020\/02\/img6.png'><img width=\"300\" height=\"200\" src=\"http:\/\/twinlakescamping.ca\/wp-content\/uploads\/2020\/02\/img6-300x200.png\" class=\"attachment-medium size-medium\" alt=\"\" decoding=\"async\" srcset=\"http:\/\/twinlakescamping.ca\/wp-content\/uploads\/2020\/02\/img6-200x133.png 200w, http:\/\/twinlakescamping.ca\/wp-content\/uploads\/2020\/02\/img6-300x200.png 300w, http:\/\/twinlakescamping.ca\/wp-content\/uploads\/2020\/02\/img6-400x267.png 400w, http:\/\/twinlakescamping.ca\/wp-content\/uploads\/2020\/02\/img6-600x400.png 600w, http:\/\/twinlakescamping.ca\/wp-content\/uploads\/2020\/02\/img6.png 640w\" sizes=\"(max-width: 300px) 100vw, 300px\" \/><\/a>\n\t\t\t<\/dt><\/dl><dl class='gallery-item'>\n\t\t\t<dt class='gallery-icon portrait'>\n\t\t\t\t<a data-rel=\"iLightbox[postimages]\" data-title=\"img5\" data-caption=\"\" href='http:\/\/twinlakescamping.ca\/wp-content\/uploads\/2020\/02\/img5.png'><img width=\"200\" height=\"300\" src=\"http:\/\/twinlakescamping.ca\/wp-content\/uploads\/2020\/02\/img5-200x300.png\" class=\"attachment-medium size-medium\" alt=\"\" decoding=\"async\" srcset=\"http:\/\/twinlakescamping.ca\/wp-content\/uploads\/2020\/02\/img5-200x300.png 200w, http:\/\/twinlakescamping.ca\/wp-content\/uploads\/2020\/02\/img5-400x600.png 400w, http:\/\/twinlakescamping.ca\/wp-content\/uploads\/2020\/02\/img5.png 427w\" sizes=\"(max-width: 200px) 100vw, 200px\" \/><\/a>\n\t\t\t<\/dt><\/dl><dl class='gallery-item'>\n\t\t\t<dt class='gallery-icon portrait'>\n\t\t\t\t<a data-rel=\"iLightbox[postimages]\" data-title=\"img4\" data-caption=\"\" href='http:\/\/twinlakescamping.ca\/wp-content\/uploads\/2020\/02\/img4.png'><img width=\"200\" height=\"300\" src=\"http:\/\/twinlakescamping.ca\/wp-content\/uploads\/2020\/02\/img4-200x300.png\" class=\"attachment-medium size-medium\" alt=\"\" decoding=\"async\" srcset=\"http:\/\/twinlakescamping.ca\/wp-content\/uploads\/2020\/02\/img4-200x300.png 200w, http:\/\/twinlakescamping.ca\/wp-content\/uploads\/2020\/02\/img4-400x600.png 400w, http:\/\/twinlakescamping.ca\/wp-content\/uploads\/2020\/02\/img4.png 427w\" sizes=\"(max-width: 200px) 100vw, 200px\" \/><\/a>\n\t\t\t<\/dt><\/dl><dl class='gallery-item'>\n\t\t\t<dt class='gallery-icon landscape'>\n\t\t\t\t<a data-rel=\"iLightbox[postimages]\" data-title=\"img3\" data-caption=\"\" href='http:\/\/twinlakescamping.ca\/wp-content\/uploads\/2020\/02\/img3.png'><img width=\"300\" height=\"199\" src=\"http:\/\/twinlakescamping.ca\/wp-content\/uploads\/2020\/02\/img3-300x199.png\" class=\"attachment-medium size-medium\" alt=\"\" decoding=\"async\" srcset=\"http:\/\/twinlakescamping.ca\/wp-content\/uploads\/2020\/02\/img3-200x133.png 200w, http:\/\/twinlakescamping.ca\/wp-content\/uploads\/2020\/02\/img3-300x199.png 300w, http:\/\/twinlakescamping.ca\/wp-content\/uploads\/2020\/02\/img3-400x266.png 400w, http:\/\/twinlakescamping.ca\/wp-content\/uploads\/2020\/02\/img3-600x398.png 600w, http:\/\/twinlakescamping.ca\/wp-content\/uploads\/2020\/02\/img3.png 640w\" sizes=\"(max-width: 300px) 100vw, 300px\" \/><\/a>\n\t\t\t<\/dt><\/dl><br style=\"clear: both\" \/><dl class='gallery-item'>\n\t\t\t<dt class='gallery-icon landscape'>\n\t\t\t\t<a data-rel=\"iLightbox[postimages]\" data-title=\"img2\" data-caption=\"\" href='http:\/\/twinlakescamping.ca\/wp-content\/uploads\/2020\/02\/img2.png'><img width=\"300\" height=\"200\" src=\"http:\/\/twinlakescamping.ca\/wp-content\/uploads\/2020\/02\/img2-300x200.png\" class=\"attachment-medium size-medium\" alt=\"\" decoding=\"async\" srcset=\"http:\/\/twinlakescamping.ca\/wp-content\/uploads\/2020\/02\/img2-200x133.png 200w, http:\/\/twinlakescamping.ca\/wp-content\/uploads\/2020\/02\/img2-300x200.png 300w, http:\/\/twinlakescamping.ca\/wp-content\/uploads\/2020\/02\/img2-400x267.png 400w, http:\/\/twinlakescamping.ca\/wp-content\/uploads\/2020\/02\/img2-600x400.png 600w, http:\/\/twinlakescamping.ca\/wp-content\/uploads\/2020\/02\/img2.png 640w\" sizes=\"(max-width: 300px) 100vw, 300px\" \/><\/a>\n\t\t\t<\/dt><\/dl><dl class='gallery-item'>\n\t\t\t<dt class='gallery-icon landscape'>\n\t\t\t\t<a data-rel=\"iLightbox[postimages]\" data-title=\"img1\" data-caption=\"\" href='http:\/\/twinlakescamping.ca\/wp-content\/uploads\/2020\/02\/img1.png'><img width=\"300\" height=\"200\" src=\"http:\/\/twinlakescamping.ca\/wp-content\/uploads\/2020\/02\/img1-300x200.png\" class=\"attachment-medium size-medium\" alt=\"\" decoding=\"async\" srcset=\"http:\/\/twinlakescamping.ca\/wp-content\/uploads\/2020\/02\/img1-200x133.png 200w, http:\/\/twinlakescamping.ca\/wp-content\/uploads\/2020\/02\/img1-300x200.png 300w, http:\/\/twinlakescamping.ca\/wp-content\/uploads\/2020\/02\/img1-400x266.png 400w, http:\/\/twinlakescamping.ca\/wp-content\/uploads\/2020\/02\/img1-600x400.png 600w, http:\/\/twinlakescamping.ca\/wp-content\/uploads\/2020\/02\/img1.png 650w\" sizes=\"(max-width: 300px) 100vw, 300px\" \/><\/a>\n\t\t\t<\/dt><\/dl>\n\t\t\t<br style='clear: both' \/>\n\t\t<\/div>\n\n<ul>\n<li><strong>Heure d\u2019arriv\u00e9e: 14h \u00a0\u00a0\u00a0<\/strong><\/li>\n<li><strong>Heure de d\u00e9part: 11h<\/strong><\/li>\n<\/ul>\n<p>1 chambre avec mezzanine, cabane bois\u00e9e int\u00e9rieur &amp; ext\u00e9rieur. Grand toit avant en surplomb pour arr\u00eater la pluie et le soleil assis sur une terrasse en bois. Nich\u00e9 dans un quartier confortable, entour\u00e9 par la nature, des arbres matures, dans la zone de la tente \u00e0 c\u00f4t\u00e9 de la plage # 2. Situ\u00e9 \u00e0 proximit\u00e9 des installations, des toilettes et des douches priv\u00e9s. La cabine est \u00e9quip\u00e9e de chauffage, A \/ C, r\u00e9frig\u00e9rateur, double br\u00fbleur \u00e9lectrique, four grille-pain, machine \u00e0 caf\u00e9, bouilloire, comptoir, barbecue au propane, foyer pour feu de camp et table de pique-nique. Robinet d&#8217;eau sur place.<\/p>\n<p><strong>Description: Peut accueillir jusqu&#8217;\u00e0 4 personnes<\/strong><\/p>\n<ul>\n<li>Convient pour 2 adultes et 2 enfants<\/li>\n<li>Pas de fumage \/ Pas de vapotage<\/li>\n<li>1 canap\u00e9-lit\/taille double<\/li>\n<li>Pas d&#8217;animaux<\/li>\n<li>2 matelas simples en mezzanine<\/li>\n<li>Apportez vos propres draps<\/li>\n<li>Comptoir \u00e0 manger pour 4 personnes<\/li>\n<li>Apportez vos casseroles, po\u00eales, ustensiles, etc.,<\/li>\n<\/ul>\n<p>Toutes les cabines doivent \u00eatre lou\u00e9es pour 2 nuits minimum, 3 nuits pour les longues fins de semaine<\/p>\n<p>Tout dommage dans la cabine ou ses environs sera factur\u00e9 un minimum de 100 $<\/p>\n<p><a href=\"http:\/\/twinlakescamping.ca\/?page_id=12534&amp;lang=fr\"><strong>Politiques de d\u00e9p\u00f4t et d&#8217;annulation \u00e0 lire:<\/strong><\/a><\/p>\n<\/div><div class=\"fusion-clearfix\"><\/div><\/div><\/div><\/div><\/div><div class=\"fusion-fullwidth fullwidth-box fusion-builder-row-2 fusion-flex-container nonhundred-percent-fullwidth non-hundred-percent-height-scrolling\" style=\"--awb-border-radius-top-left:0px;--awb-border-radius-top-right:0px;--awb-border-radius-bottom-right:0px;--awb-border-radius-bottom-left:0px;--awb-flex-wrap:wrap;\" ><\/div><\/p>\n","protected":false},"excerpt":{"rendered":"","protected":false},"author":1,"featured_media":0,"parent":0,"menu_order":0,"comment_status":"closed","ping_status":"closed","template":"","meta":{"_exactmetrics_skip_tracking":false,"_exactmetrics_sitenote_active":false,"_exactmetrics_sitenote_note":"","_exactmetrics_sitenote_category":0},"_links":{"self":[{"href":"http:\/\/twinlakescamping.ca\/index.php?rest_route=\/wp\/v2\/pages\/12636"}],"collection":[{"href":"http:\/\/twinlakescamping.ca\/index.php?rest_route=\/wp\/v2\/pages"}],"about":[{"href":"http:\/\/twinlakescamping.ca\/index.php?rest_route=\/wp\/v2\/types\/page"}],"author":[{"embeddable":true,"href":"http:\/\/twinlakescamping.ca\/index.php?rest_route=\/wp\/v2\/users\/1"}],"replies":[{"embeddable":true,"href":"http:\/\/twinlakescamping.ca\/index.php?rest_route=%2Fwp%2Fv2%2Fcomments&post=12636"}],"version-history":[{"count":13,"href":"http:\/\/twinlakescamping.ca\/index.php?rest_route=\/wp\/v2\/pages\/12636\/revisions"}],"predecessor-version":[{"id":12999,"href":"http:\/\/twinlakescamping.ca\/index.php?rest_route=\/wp\/v2\/pages\/12636\/revisions\/12999"}],"wp:attachment":[{"href":"http:\/\/twinlakescamping.ca\/index.php?rest_route=%2Fwp%2Fv2%2Fmedia&parent=12636"}],"curies":[{"name":"wp","href":"https:\/\/api.w.org\/{rel}","templated":true}]}}