{"id":12534,"date":"2018-06-23T12:03:24","date_gmt":"2018-06-23T12:03:24","guid":{"rendered":"http:\/\/twinlakescamping.ca\/?page_id=12534"},"modified":"2020-05-02T01:09:04","modified_gmt":"2020-05-02T01:09:04","slug":"politique-dannulation-rv","status":"publish","type":"page","link":"http:\/\/twinlakescamping.ca\/?page_id=12534&lang=fr","title":{"rendered":"Politique d\u2019annulation de VR, Cabine et Tente"},"content":{"rendered":"<div id=\"gt-res-content\">\n<h2 id=\"gt-res-dir-ctr\" class=\"trans-verified-button-small\" dir=\"ltr\"><span id=\"result_box\" class=\"\" lang=\"fr\"><span title=\"RV Cancellation Policy \">Politique d&#8217;annulation de VR &amp;Tente<br \/>\n<\/span><\/span><\/h2>\n<div class=\"trans-verified-button-small\" dir=\"ltr\">\u00a0En r\u00e9servant vos campings avec votre carte de cr\u00e9dit, qui couvre votre premi\u00e8re nuit\u00e9e, par semaine r\u00e9serv\u00e9e ; ** Si vous ne vous pr\u00e9sentez pas sans pr\u00e9avis, votre carte de cr\u00e9dit sera d\u00e9bit\u00e9e du montant total du s\u00e9jour r\u00e9serv\u00e9. ** Si vous annulez votre r\u00e9servation au moins 2 semaines \u00e0 l&#8217;avance, des frais d&#8217;administration de 20 $ par semaine seront factur\u00e9s. ** Toutes les annulations dans les 2 semaines de l&#8217;arriv\u00e9e perdront 100% du d\u00e9p\u00f4t. Nous ne remboursons pas les d\u00e9parts anticip\u00e9s dus \u00e0 des conditions m\u00e9t\u00e9orologiques d\u00e9favorables, \u00e0 des obligations professionnelles ou pour toute autre raison.<\/div>\n<h2 class=\"trans-verified-button-small\" dir=\"ltr\">Politique d&#8217;annulation d&#8217;unit\u00e9 de train\/cabine<\/h2>\n<p>En r\u00e9servant votre s\u00e9jour dans l&#8217;une des unit\u00e9s, avec votre carte de cr\u00e9dit, cela couvrira votre premi\u00e8re nuit, par semaine r\u00e9serv\u00e9e ; ** Si vous ne vous pr\u00e9sentez pas sans pr\u00e9avis, votre carte de cr\u00e9dit sera d\u00e9bit\u00e9e du montant total du s\u00e9jour r\u00e9serv\u00e9. ** En raison de la tr\u00e8s forte demande, un pr\u00e9avis de 1 mois est n\u00e9cessaire pour annuler votre r\u00e9servation ou perdre 100% du d\u00e9p\u00f4t. ** Toute annulation entra\u00eenera des frais administratifs de 20,00 $ par semaine de s\u00e9jour. Nous ne remboursons pas les d\u00e9parts anticip\u00e9s dus \u00e0 des conditions m\u00e9t\u00e9orologiques d\u00e9favorables, \u00e0 des obligations professionnelles ou pour toute autre raison.<\/p>\n<p>*** Nous nous r\u00e9servons le droit d&#8217;expulser toute personne sans remboursement qui cr\u00e9e un trouble. Pas responsable des accidents ou des blessures \u00e0 nos clients ou la perte d&#8217;objets de valeur. ***<\/p>\n<\/div>\n","protected":false},"excerpt":{"rendered":"<p>Politique d&#8217;annulation de VR &amp;Tente \u00a0En r\u00e9servant vos campings avec votre carte de cr\u00e9dit, qui couvre votre premi\u00e8re nuit\u00e9e, par semaine r\u00e9serv\u00e9e ; ** Si  [&#8230;]<\/p>\n","protected":false},"author":1,"featured_media":0,"parent":0,"menu_order":0,"comment_status":"closed","ping_status":"closed","template":"","meta":{"_exactmetrics_skip_tracking":false,"_exactmetrics_sitenote_active":false,"_exactmetrics_sitenote_note":"","_exactmetrics_sitenote_category":0},"_links":{"self":[{"href":"http:\/\/twinlakescamping.ca\/index.php?rest_route=\/wp\/v2\/pages\/12534"}],"collection":[{"href":"http:\/\/twinlakescamping.ca\/index.php?rest_route=\/wp\/v2\/pages"}],"about":[{"href":"http:\/\/twinlakescamping.ca\/index.php?rest_route=\/wp\/v2\/types\/page"}],"author":[{"embeddable":true,"href":"http:\/\/twinlakescamping.ca\/index.php?rest_route=\/wp\/v2\/users\/1"}],"replies":[{"embeddable":true,"href":"http:\/\/twinlakescamping.ca\/index.php?rest_route=%2Fwp%2Fv2%2Fcomments&post=12534"}],"version-history":[{"count":6,"href":"http:\/\/twinlakescamping.ca\/index.php?rest_route=\/wp\/v2\/pages\/12534\/revisions"}],"predecessor-version":[{"id":12672,"href":"http:\/\/twinlakescamping.ca\/index.php?rest_route=\/wp\/v2\/pages\/12534\/revisions\/12672"}],"wp:attachment":[{"href":"http:\/\/twinlakescamping.ca\/index.php?rest_route=%2Fwp%2Fv2%2Fmedia&parent=12534"}],"curies":[{"name":"wp","href":"https:\/\/api.w.org\/{rel}","templated":true}]}}