{"id":12063,"date":"2017-08-17T20:56:19","date_gmt":"2017-08-17T20:56:19","guid":{"rendered":"http:\/\/twinlakescamping.ca.mocha8000.mochahost.com\/wp\/?page_id=12063"},"modified":"2024-05-24T23:53:11","modified_gmt":"2024-05-24T23:53:11","slug":"nos-installations","status":"publish","type":"page","link":"http:\/\/twinlakescamping.ca\/?page_id=12063&lang=fr","title":{"rendered":"Nos installations"},"content":{"rendered":"<p><div class=\"fusion-fullwidth fullwidth-box fusion-builder-row-1 nonhundred-percent-fullwidth non-hundred-percent-height-scrolling\" style=\"--awb-border-radius-top-left:0px;--awb-border-radius-top-right:0px;--awb-border-radius-bottom-right:0px;--awb-border-radius-bottom-left:0px;--awb-flex-wrap:wrap;\" ><div class=\"fusion-builder-row fusion-row\"><div class=\"fusion-layout-column fusion_builder_column fusion-builder-column-0 fusion_builder_column_1_1 1_1 fusion-one-full fusion-column-first fusion-column-last\" style=\"--awb-bg-size:cover;\"><div class=\"fusion-column-wrapper fusion-flex-column-wrapper-legacy\"><div class=\"fusion-title title fusion-title-1 fusion-title-text fusion-title-size-one\"><h1 class=\"fusion-title-heading title-heading-left fusion-responsive-typography-calculated\" style=\"margin:0;--fontSize:55;line-height:1.09;\"><h1>Nos Installations<\/h1><\/h1><span class=\"awb-title-spacer\"><\/span><div class=\"title-sep-container\"><div class=\"title-sep sep-single sep-solid\" style=\"border-color:#e0dede;\"><\/div><\/div><\/div><div class=\"fusion-text fusion-text-1\"><p><strong>Nos installations : (Twin Lakes est ouvert du\u00a015 mai au 15 septembre).<\/strong><\/p>\n<p>Cliquer sur un lien pour voir chaque installation : Glissades d\u2019eau &#8211; Plages &#8211; Appartements dans le train \u2013 Terrains de jeux &#8211; Sites &#8211; Pistes de marche \u2013 Jeu de palets \u2013 Casse-cro\u00fbte &#8211; Buanderie &#8211; P\u00eache<\/p>\n<\/div><div class=\"fusion-clearfix\"><\/div><\/div><\/div><\/div><\/div><div class=\"fusion-fullwidth fullwidth-box fusion-builder-row-2 nonhundred-percent-fullwidth non-hundred-percent-height-scrolling\" style=\"--awb-border-radius-top-left:0px;--awb-border-radius-top-right:0px;--awb-border-radius-bottom-right:0px;--awb-border-radius-bottom-left:0px;--awb-flex-wrap:wrap;\" ><div class=\"fusion-builder-row fusion-row\"><div class=\"fusion-layout-column fusion_builder_column fusion-builder-column-1 fusion_builder_column_1_3 1_3 fusion-one-third fusion-column-first\" style=\"--awb-bg-size:cover;width:33.333333333333%;width:calc(33.333333333333% - ( ( 4% ) * 0.33333333333333 ) );margin-right: 4%;\"><div class=\"fusion-column-wrapper fusion-flex-column-wrapper-legacy\"><div class=\"fusion-title title fusion-title-2 fusion-title-text fusion-title-size-one\"><h1 class=\"fusion-title-heading title-heading-left fusion-responsive-typography-calculated\" style=\"margin:0;--fontSize:55;line-height:1.09;\"><h3>Plages<\/h3><\/h1><span class=\"awb-title-spacer\"><\/span><div class=\"title-sep-container\"><div class=\"title-sep sep-single sep-solid\" style=\"border-color:#e0dede;\"><\/div><\/div><\/div><div class=\"fusion-image-element in-legacy-container\" style=\"--awb-caption-title-font-family:var(--h2_typography-font-family);--awb-caption-title-font-weight:var(--h2_typography-font-weight);--awb-caption-title-font-style:var(--h2_typography-font-style);--awb-caption-title-size:var(--h2_typography-font-size);--awb-caption-title-transform:var(--h2_typography-text-transform);--awb-caption-title-line-height:var(--h2_typography-line-height);--awb-caption-title-letter-spacing:var(--h2_typography-letter-spacing);\"><span class=\" fusion-imageframe imageframe-none imageframe-1 hover-type-none\"><img decoding=\"async\" width=\"300\" height=\"200\" title=\"plage\" src=\"http:\/\/twinlakescamping.ca.mocha8000.mochahost.com\/wp\/wp-content\/uploads\/2015\/01\/plage-1-300x200.jpg\" alt class=\"img-responsive wp-image-11848\" srcset=\"http:\/\/twinlakescamping.ca\/wp-content\/uploads\/2015\/01\/plage-1-200x133.jpg 200w, http:\/\/twinlakescamping.ca\/wp-content\/uploads\/2015\/01\/plage-1-400x266.jpg 400w, http:\/\/twinlakescamping.ca\/wp-content\/uploads\/2015\/01\/plage-1.jpg 500w\" sizes=\"(max-width: 1200px) 100vw, 400px\" \/><\/span><\/div><div class=\"fusion-text fusion-text-2\"><p><span id=\"ContentPlaceHolder1_lblPageContent\">Trois\u00a0plages \u00e0 sable fin. Tables de pique-nique disponibles \u00e0 la plage ou \u00e0 l\u2019ombre.<br \/>\nSalles de rechange et de toilettes publiques. Fermeture \u00e0 21 h.<\/span><\/p>\n<\/div><div class=\"fusion-button-wrapper\"><a class=\"fusion-button button-3d fusion-button-default-size button-default fusion-button-default button-1 fusion-button-default-span fusion-button-default-type\" target=\"_self\" href=\"?page_id=12070&amp;lang=fr\"><span class=\"fusion-button-text\">Plus d&#8217;info<\/span><\/a><\/div><div class=\"fusion-clearfix\"><\/div><\/div><\/div><div class=\"fusion-layout-column fusion_builder_column fusion-builder-column-2 fusion_builder_column_1_3 1_3 fusion-one-third fusion-column-last\" style=\"--awb-bg-size:cover;width:33.333333333333%;width:calc(33.333333333333% - ( ( 4% ) * 0.33333333333333 ) );\"><div class=\"fusion-column-wrapper fusion-flex-column-wrapper-legacy\"><div class=\"fusion-title title fusion-title-3 fusion-title-text fusion-title-size-one\"><h1 class=\"fusion-title-heading title-heading-left fusion-responsive-typography-calculated\" style=\"margin:0;--fontSize:55;line-height:1.09;\"><h3>Appartements \u00e0 louer<\/h3><\/h1><span class=\"awb-title-spacer\"><\/span><div class=\"title-sep-container\"><div class=\"title-sep sep-single sep-solid\" style=\"border-color:#e0dede;\"><\/div><\/div><\/div><div class=\"fusion-image-element in-legacy-container\" style=\"--awb-caption-title-font-family:var(--h2_typography-font-family);--awb-caption-title-font-weight:var(--h2_typography-font-weight);--awb-caption-title-font-style:var(--h2_typography-font-style);--awb-caption-title-size:var(--h2_typography-font-size);--awb-caption-title-transform:var(--h2_typography-text-transform);--awb-caption-title-line-height:var(--h2_typography-line-height);--awb-caption-title-letter-spacing:var(--h2_typography-letter-spacing);\"><span class=\" fusion-imageframe imageframe-none imageframe-2 hover-type-none\"><img decoding=\"async\" width=\"300\" height=\"169\" title=\"20160807_161025\" src=\"http:\/\/twinlakescamping.ca.mocha8000.mochahost.com\/wp\/wp-content\/uploads\/2017\/05\/20160807_161025-300x169.jpg\" alt class=\"img-responsive wp-image-11918\"\/><\/span><\/div><div class=\"fusion-text fusion-text-3\"><p><span id=\"ContentPlaceHolder1_lblPageContent\">Deux appartements climatis\u00e9s, dont deux peuvent loger\u00a06 personnes. Les cuisinettes sont am\u00e9nag\u00e9es avec r\u00e9frig\u00e9rateur, plaque chaude, micro-ondes, grille-pains, ainsi qu\u2019un petit ensemble de salle \u00e0 manger, un futon, des lits superpos\u00e9s et une toilette priv\u00e9e.<\/span><\/p>\n<\/div><div class=\"fusion-button-wrapper\"><a class=\"fusion-button button-3d fusion-button-default-size button-default fusion-button-default button-2 fusion-button-default-span fusion-button-default-type\" target=\"_self\" href=\"?page_id=12067&amp;lang=fr\"><span class=\"fusion-button-text\">Plus d&#8217;info<\/span><\/a><\/div><div class=\"fusion-clearfix\"><\/div><\/div><\/div><\/div><\/div><div class=\"fusion-fullwidth fullwidth-box fusion-builder-row-3 nonhundred-percent-fullwidth non-hundred-percent-height-scrolling\" style=\"--awb-border-radius-top-left:0px;--awb-border-radius-top-right:0px;--awb-border-radius-bottom-right:0px;--awb-border-radius-bottom-left:0px;--awb-flex-wrap:wrap;\" ><div class=\"fusion-builder-row fusion-row\"><div class=\"fusion-layout-column fusion_builder_column fusion-builder-column-3 fusion_builder_column_1_3 1_3 fusion-one-third fusion-column-first\" style=\"--awb-bg-size:cover;width:33.333333333333%;width:calc(33.333333333333% - ( ( 4% + 4% ) * 0.33333333333333 ) );margin-right: 4%;\"><div class=\"fusion-column-wrapper fusion-flex-column-wrapper-legacy\"><div class=\"fusion-title title fusion-title-4 fusion-title-text fusion-title-size-one\"><h1 class=\"fusion-title-heading title-heading-left fusion-responsive-typography-calculated\" style=\"margin:0;--fontSize:55;line-height:1.09;\"><h3>Terrains de jeux<\/h3><\/h1><span class=\"awb-title-spacer\"><\/span><div class=\"title-sep-container\"><div class=\"title-sep sep-single sep-solid\" style=\"border-color:#e0dede;\"><\/div><\/div><\/div><div class=\"fusion-image-element in-legacy-container\" style=\"--awb-caption-title-font-family:var(--h2_typography-font-family);--awb-caption-title-font-weight:var(--h2_typography-font-weight);--awb-caption-title-font-style:var(--h2_typography-font-style);--awb-caption-title-size:var(--h2_typography-font-size);--awb-caption-title-transform:var(--h2_typography-text-transform);--awb-caption-title-line-height:var(--h2_typography-line-height);--awb-caption-title-letter-spacing:var(--h2_typography-letter-spacing);\"><span class=\" fusion-imageframe imageframe-none imageframe-3 hover-type-none\"><img decoding=\"async\" width=\"300\" height=\"179\" title=\"playground\" src=\"http:\/\/twinlakescamping.ca.mocha8000.mochahost.com\/wp\/wp-content\/uploads\/2017\/05\/playground-300x179.jpg\" alt class=\"img-responsive wp-image-11925\" srcset=\"http:\/\/twinlakescamping.ca\/wp-content\/uploads\/2017\/05\/playground-200x119.jpg 200w, http:\/\/twinlakescamping.ca\/wp-content\/uploads\/2017\/05\/playground-400x239.jpg 400w, http:\/\/twinlakescamping.ca\/wp-content\/uploads\/2017\/05\/playground.jpg 560w\" sizes=\"(max-width: 1200px) 100vw, 400px\" \/><\/span><\/div><div class=\"fusion-text fusion-text-4\"><p><span id=\"ContentPlaceHolder1_lblPageContent\">Trois terrains de jeux, l\u2019endroit de r\u00eave pour les enfants. Munis de balan\u00e7oires, glissades et encore plus.<\/span><\/p>\n<\/div><div class=\"fusion-clearfix\"><\/div><\/div><\/div><div class=\"fusion-layout-column fusion_builder_column fusion-builder-column-4 fusion_builder_column_1_3 1_3 fusion-one-third\" style=\"--awb-bg-size:cover;width:33.333333333333%;width:calc(33.333333333333% - ( ( 4% + 4% ) * 0.33333333333333 ) );margin-right: 4%;\"><div class=\"fusion-column-wrapper fusion-flex-column-wrapper-legacy\"><div class=\"fusion-title title fusion-title-5 fusion-title-text fusion-title-size-one\"><h1 class=\"fusion-title-heading title-heading-left fusion-responsive-typography-calculated\" style=\"margin:0;--fontSize:55;line-height:1.09;\"><h3>Terrain de Camping<\/h3><\/h1><span class=\"awb-title-spacer\"><\/span><div class=\"title-sep-container\"><div class=\"title-sep sep-single sep-solid\" style=\"border-color:#e0dede;\"><\/div><\/div><\/div><div class=\"fusion-image-element in-legacy-container\" style=\"--awb-caption-title-font-family:var(--h2_typography-font-family);--awb-caption-title-font-weight:var(--h2_typography-font-weight);--awb-caption-title-font-style:var(--h2_typography-font-style);--awb-caption-title-size:var(--h2_typography-font-size);--awb-caption-title-transform:var(--h2_typography-text-transform);--awb-caption-title-line-height:var(--h2_typography-line-height);--awb-caption-title-letter-spacing:var(--h2_typography-letter-spacing);\"><span class=\" fusion-imageframe imageframe-none imageframe-4 hover-type-none\"><img decoding=\"async\" width=\"300\" height=\"185\" title=\"home-parallax\" src=\"http:\/\/twinlakescamping.ca.mocha8000.mochahost.com\/wp-content\/uploads\/2017\/07\/home-parallax-300x185.jpg\" alt class=\"img-responsive wp-image-11861\" srcset=\"http:\/\/twinlakescamping.ca\/wp-content\/uploads\/2017\/07\/home-parallax-200x123.jpg 200w, http:\/\/twinlakescamping.ca\/wp-content\/uploads\/2017\/07\/home-parallax-400x246.jpg 400w, http:\/\/twinlakescamping.ca\/wp-content\/uploads\/2017\/07\/home-parallax-600x369.jpg 600w, http:\/\/twinlakescamping.ca\/wp-content\/uploads\/2017\/07\/home-parallax-800x492.jpg 800w, http:\/\/twinlakescamping.ca\/wp-content\/uploads\/2017\/07\/home-parallax-1200x738.jpg 1200w, http:\/\/twinlakescamping.ca\/wp-content\/uploads\/2017\/07\/home-parallax.jpg 1900w\" sizes=\"(max-width: 1200px) 100vw, 400px\" \/><\/span><\/div><div class=\"fusion-text fusion-text-5\"><p><span id=\"ContentPlaceHolder1_lblPageContent\">Sites avec trois services\u00a0: eau, \u00e9lectricit\u00e9 et \u00e9gouts. Terrains sauvages et pour tentes.<br \/>\nBois de feu disponibles. Tables de pique-nique. Cuves \u00e0 feu.<\/span><\/p>\n<\/div><div class=\"fusion-button-wrapper\"><a class=\"fusion-button button-3d fusion-button-default-size button-default fusion-button-default button-3 fusion-button-default-span fusion-button-default-type\" target=\"_self\" href=\"?page_id=36&amp;lang=fr\"><span class=\"fusion-button-text\">Plus d&#8217;info<\/span><\/a><\/div><div class=\"fusion-clearfix\"><\/div><\/div><\/div><div class=\"fusion-layout-column fusion_builder_column fusion-builder-column-5 fusion_builder_column_1_3 1_3 fusion-one-third fusion-column-last\" style=\"--awb-bg-size:cover;width:33.333333333333%;width:calc(33.333333333333% - ( ( 4% + 4% ) * 0.33333333333333 ) );\"><div class=\"fusion-column-wrapper fusion-flex-column-wrapper-legacy\"><div class=\"fusion-title title fusion-title-6 fusion-title-text fusion-title-size-one\"><h1 class=\"fusion-title-heading title-heading-left fusion-responsive-typography-calculated\" style=\"margin:0;--fontSize:55;line-height:1.09;\"><h3>Pistes de marche<\/h3><\/h1><span class=\"awb-title-spacer\"><\/span><div class=\"title-sep-container\"><div class=\"title-sep sep-single sep-solid\" style=\"border-color:#e0dede;\"><\/div><\/div><\/div><div class=\"fusion-image-element in-legacy-container\" style=\"--awb-caption-title-font-family:var(--h2_typography-font-family);--awb-caption-title-font-weight:var(--h2_typography-font-weight);--awb-caption-title-font-style:var(--h2_typography-font-style);--awb-caption-title-size:var(--h2_typography-font-size);--awb-caption-title-transform:var(--h2_typography-text-transform);--awb-caption-title-line-height:var(--h2_typography-line-height);--awb-caption-title-letter-spacing:var(--h2_typography-letter-spacing);\"><span class=\" fusion-imageframe imageframe-none imageframe-5 hover-type-none\"><img decoding=\"async\" width=\"300\" height=\"201\" title=\"walkingpath\" src=\"http:\/\/twinlakescamping.ca.mocha8000.mochahost.com\/wp\/wp-content\/uploads\/2017\/05\/walkingpath-300x201.jpg\" alt class=\"img-responsive wp-image-11924\" srcset=\"http:\/\/twinlakescamping.ca\/wp-content\/uploads\/2017\/05\/walkingpath-200x134.jpg 200w, http:\/\/twinlakescamping.ca\/wp-content\/uploads\/2017\/05\/walkingpath-400x268.jpg 400w, http:\/\/twinlakescamping.ca\/wp-content\/uploads\/2017\/05\/walkingpath.jpg 560w\" sizes=\"(max-width: 1200px) 100vw, 400px\" \/><\/span><\/div><div class=\"fusion-text fusion-text-6\"><p><span id=\"ContentPlaceHolder1_lblPageContent\">Profitez de nos pistes de marche pav\u00e9es autour du lac, des plages et du terrain de camping.<\/span><\/p>\n<\/div><div class=\"fusion-clearfix\"><\/div><\/div><\/div><\/div><\/div><div class=\"fusion-fullwidth fullwidth-box fusion-builder-row-4 nonhundred-percent-fullwidth non-hundred-percent-height-scrolling\" style=\"--awb-border-radius-top-left:0px;--awb-border-radius-top-right:0px;--awb-border-radius-bottom-right:0px;--awb-border-radius-bottom-left:0px;--awb-flex-wrap:wrap;\" ><div class=\"fusion-builder-row fusion-row\"><div class=\"fusion-layout-column fusion_builder_column fusion-builder-column-6 fusion_builder_column_1_3 1_3 fusion-one-third fusion-column-first\" style=\"--awb-bg-size:cover;width:33.333333333333%;width:calc(33.333333333333% - ( ( 4% + 4% ) * 0.33333333333333 ) );margin-right: 4%;\"><div class=\"fusion-column-wrapper fusion-flex-column-wrapper-legacy\"><div class=\"fusion-title title fusion-title-7 fusion-title-text fusion-title-size-one\"><h1 class=\"fusion-title-heading title-heading-left fusion-responsive-typography-calculated\" style=\"margin:0;--fontSize:55;line-height:1.09;\"><h3>Casse-cro\u00fbte<\/h3><\/h1><span class=\"awb-title-spacer\"><\/span><div class=\"title-sep-container\"><div class=\"title-sep sep-single sep-solid\" style=\"border-color:#e0dede;\"><\/div><\/div><\/div><div class=\"fusion-image-element in-legacy-container\" style=\"--awb-caption-title-font-family:var(--h2_typography-font-family);--awb-caption-title-font-weight:var(--h2_typography-font-weight);--awb-caption-title-font-style:var(--h2_typography-font-style);--awb-caption-title-size:var(--h2_typography-font-size);--awb-caption-title-transform:var(--h2_typography-text-transform);--awb-caption-title-line-height:var(--h2_typography-line-height);--awb-caption-title-letter-spacing:var(--h2_typography-letter-spacing);\"><span class=\" fusion-imageframe imageframe-none imageframe-6 hover-type-none\"><img decoding=\"async\" width=\"300\" height=\"205\" title=\"chipstand\" src=\"http:\/\/twinlakescamping.ca.mocha8000.mochahost.com\/wp\/wp-content\/uploads\/2017\/05\/chipstand-300x205.jpg\" alt class=\"img-responsive wp-image-11926\" srcset=\"http:\/\/twinlakescamping.ca\/wp-content\/uploads\/2017\/05\/chipstand-200x136.jpg 200w, http:\/\/twinlakescamping.ca\/wp-content\/uploads\/2017\/05\/chipstand-400x273.jpg 400w, http:\/\/twinlakescamping.ca\/wp-content\/uploads\/2017\/05\/chipstand.jpg 560w\" sizes=\"(max-width: 1200px) 100vw, 400px\" \/><\/span><\/div><div class=\"fusion-text fusion-text-7\"><p><span id=\"ContentPlaceHolder1_lblPageContent\">Ouvert tous les jours. Menu comprend des hamburgers, des frites, de la cr\u00e8me glac\u00e9e et encore plus.<\/span><\/p>\n<\/div><div class=\"fusion-clearfix\"><\/div><\/div><\/div><div class=\"fusion-layout-column fusion_builder_column fusion-builder-column-7 fusion_builder_column_1_3 1_3 fusion-one-third\" style=\"--awb-bg-size:cover;width:33.333333333333%;width:calc(33.333333333333% - ( ( 4% + 4% ) * 0.33333333333333 ) );margin-right: 4%;\"><div class=\"fusion-column-wrapper fusion-flex-column-wrapper-legacy\"><div class=\"fusion-title title fusion-title-8 fusion-title-text fusion-title-size-one\"><h1 class=\"fusion-title-heading title-heading-left fusion-responsive-typography-calculated\" style=\"margin:0;--fontSize:55;line-height:1.09;\"><h3>Buanderies<\/h3><\/h1><span class=\"awb-title-spacer\"><\/span><div class=\"title-sep-container\"><div class=\"title-sep sep-single sep-solid\" style=\"border-color:#e0dede;\"><\/div><\/div><\/div><div class=\"fusion-image-element in-legacy-container\" style=\"--awb-caption-title-font-family:var(--h2_typography-font-family);--awb-caption-title-font-weight:var(--h2_typography-font-weight);--awb-caption-title-font-style:var(--h2_typography-font-style);--awb-caption-title-size:var(--h2_typography-font-size);--awb-caption-title-transform:var(--h2_typography-text-transform);--awb-caption-title-line-height:var(--h2_typography-line-height);--awb-caption-title-letter-spacing:var(--h2_typography-letter-spacing);\"><span class=\" fusion-imageframe imageframe-none imageframe-7 hover-type-none\"><img decoding=\"async\" width=\"300\" height=\"225\" title=\"washerDryer\" src=\"http:\/\/twinlakescamping.ca.mocha8000.mochahost.com\/wp-content\/uploads\/2017\/08\/washerDryer-300x225.jpg\" alt class=\"img-responsive wp-image-12369\" srcset=\"http:\/\/twinlakescamping.ca\/wp-content\/uploads\/2017\/08\/washerDryer-200x150.jpg 200w, http:\/\/twinlakescamping.ca\/wp-content\/uploads\/2017\/08\/washerDryer-400x300.jpg 400w, http:\/\/twinlakescamping.ca\/wp-content\/uploads\/2017\/08\/washerDryer-600x450.jpg 600w, http:\/\/twinlakescamping.ca\/wp-content\/uploads\/2017\/08\/washerDryer.jpg 666w\" sizes=\"(max-width: 1200px) 100vw, 400px\" \/><\/span><\/div><div class=\"fusion-text fusion-text-8\"><p><span id=\"ContentPlaceHolder1_lblPageContent\">Fournis pour vous faciliter la t\u00e2che.<\/span><\/p>\n<\/div><div class=\"fusion-clearfix\"><\/div><\/div><\/div><div class=\"fusion-layout-column fusion_builder_column fusion-builder-column-8 fusion_builder_column_1_3 1_3 fusion-one-third fusion-column-last\" style=\"--awb-bg-size:cover;width:33.333333333333%;width:calc(33.333333333333% - ( ( 4% + 4% ) * 0.33333333333333 ) );\"><div class=\"fusion-column-wrapper fusion-flex-column-wrapper-legacy\"><div class=\"fusion-title title fusion-title-9 fusion-title-text fusion-title-size-one\"><h1 class=\"fusion-title-heading title-heading-left fusion-responsive-typography-calculated\" style=\"margin:0;--fontSize:55;line-height:1.09;\"><h3>P\u00eache<\/h3><\/h1><span class=\"awb-title-spacer\"><\/span><div class=\"title-sep-container\"><div class=\"title-sep sep-single sep-solid\" style=\"border-color:#e0dede;\"><\/div><\/div><\/div><div class=\"fusion-image-element in-legacy-container\" style=\"--awb-caption-title-font-family:var(--h2_typography-font-family);--awb-caption-title-font-weight:var(--h2_typography-font-weight);--awb-caption-title-font-style:var(--h2_typography-font-style);--awb-caption-title-size:var(--h2_typography-font-size);--awb-caption-title-transform:var(--h2_typography-text-transform);--awb-caption-title-line-height:var(--h2_typography-line-height);--awb-caption-title-letter-spacing:var(--h2_typography-letter-spacing);\"><span class=\" fusion-imageframe imageframe-none imageframe-8 hover-type-none\"><img decoding=\"async\" width=\"300\" height=\"230\" title=\"fishing\" src=\"http:\/\/twinlakescamping.ca.mocha8000.mochahost.com\/wp-content\/uploads\/2017\/08\/fishing-300x230.png\" alt class=\"img-responsive wp-image-12368\" srcset=\"http:\/\/twinlakescamping.ca\/wp-content\/uploads\/2017\/08\/fishing-200x154.png 200w, http:\/\/twinlakescamping.ca\/wp-content\/uploads\/2017\/08\/fishing-400x307.png 400w, http:\/\/twinlakescamping.ca\/wp-content\/uploads\/2017\/08\/fishing.png 530w\" sizes=\"(max-width: 1200px) 100vw, 400px\" \/><\/span><\/div><div class=\"fusion-text fusion-text-9\"><p><span id=\"ContentPlaceHolder1_lblPageContent\">Venez p\u00eacher chez nous, c\u2019est gratuit. Sports nautiques motoris\u00e9s sont interdits.<\/span><\/p>\n<\/div><div class=\"fusion-clearfix\"><\/div><\/div><\/div><\/div><\/div><\/p>\n","protected":false},"excerpt":{"rendered":"","protected":false},"author":1,"featured_media":0,"parent":0,"menu_order":0,"comment_status":"closed","ping_status":"closed","template":"","meta":{"_exactmetrics_skip_tracking":false,"_exactmetrics_sitenote_active":false,"_exactmetrics_sitenote_note":"","_exactmetrics_sitenote_category":0},"_links":{"self":[{"href":"http:\/\/twinlakescamping.ca\/index.php?rest_route=\/wp\/v2\/pages\/12063"}],"collection":[{"href":"http:\/\/twinlakescamping.ca\/index.php?rest_route=\/wp\/v2\/pages"}],"about":[{"href":"http:\/\/twinlakescamping.ca\/index.php?rest_route=\/wp\/v2\/types\/page"}],"author":[{"embeddable":true,"href":"http:\/\/twinlakescamping.ca\/index.php?rest_route=\/wp\/v2\/users\/1"}],"replies":[{"embeddable":true,"href":"http:\/\/twinlakescamping.ca\/index.php?rest_route=%2Fwp%2Fv2%2Fcomments&post=12063"}],"version-history":[{"count":16,"href":"http:\/\/twinlakescamping.ca\/index.php?rest_route=\/wp\/v2\/pages\/12063\/revisions"}],"predecessor-version":[{"id":12966,"href":"http:\/\/twinlakescamping.ca\/index.php?rest_route=\/wp\/v2\/pages\/12063\/revisions\/12966"}],"wp:attachment":[{"href":"http:\/\/twinlakescamping.ca\/index.php?rest_route=%2Fwp%2Fv2%2Fmedia&parent=12063"}],"curies":[{"name":"wp","href":"https:\/\/api.w.org\/{rel}","templated":true}]}}